{"id":569,"date":"2024-03-11T15:28:09","date_gmt":"2024-03-11T20:28:09","guid":{"rendered":"https:\/\/odontologosadomicilio.com\/?post_type=product&#038;p=569"},"modified":"2024-03-19T09:40:53","modified_gmt":"2024-03-19T14:40:53","slug":"blanqueamiento-dental","status":"publish","type":"product","link":"https:\/\/odontologosadomicilio.com\/?product=blanqueamiento-dental","title":{"rendered":"Blanqueamiento dental"},"content":{"rendered":"<h2 data-sourcepos=\"1:1-1:56\">Blanqueamiento dental en casa \u00a1Sonr\u00ede con confianza!<\/h2>\n<p data-sourcepos=\"3:1-3:173\">Olv\u00eddate de las manchas y recupera la blancura natural de tus dientes con nuestro kit de blanqueamiento dental en casa. Resultados profesionales en la comodidad de tu hogar.<\/p>\n<p data-sourcepos=\"5:1-5:15\"><strong>Beneficios:<\/strong><\/p>\n<ul data-sourcepos=\"7:1-12:0\">\n<li data-sourcepos=\"7:1-7:51\"><strong>Resultados r\u00e1pidos y visibles en solo 7 d\u00edas.<\/strong><\/li>\n<li data-sourcepos=\"8:1-8:33\"><strong>Tecnolog\u00eda segura y eficaz.<\/strong><\/li>\n<li data-sourcepos=\"9:1-9:68\"><strong>F\u00e1cil de usar, sin necesidad de moldes ni visitas al dentista.<\/strong><\/li>\n<li data-sourcepos=\"10:1-10:44\"><strong>C\u00f3modo y adaptable a tu ritmo de vida.<\/strong><\/li>\n<\/ul>\n","protected":false},"excerpt":{"rendered":"<p><strong>Consigue una sonrisa radiante con nuestro kit de blanqueamiento dental en casa.<\/strong> Resultados profesionales en solo 7 d\u00edas. F\u00e1cil de usar, c\u00f3modo<\/p>\n","protected":false},"featured_media":570,"comment_status":"open","ping_status":"closed","template":"","meta":{"_eb_attr":"","_monsterinsights_skip_tracking":false,"_monsterinsights_sitenote_active":false,"_monsterinsights_sitenote_note":"","_monsterinsights_sitenote_category":0,"site-sidebar-layout":"default","site-content-layout":"","ast-site-content-layout":"default","site-content-style":"default","site-sidebar-style":"default","ast-global-header-display":"","ast-banner-title-visibility":"","ast-main-header-display":"","ast-hfb-above-header-display":"","ast-hfb-below-header-display":"","ast-hfb-mobile-header-display":"","site-post-title":"","ast-breadcrumbs-content":"","ast-featured-img":"","footer-sml-layout":"","ast-disable-related-posts":"","theme-transparent-header-meta":"default","adv-header-id-meta":"","stick-header-meta":"","header-above-stick-meta":"","header-main-stick-meta":"","header-below-stick-meta":"","astra-migrate-meta-layouts":"set","ast-page-background-enabled":"default","ast-page-background-meta":{"desktop":{"background-color":"var(--ast-global-color-4)","background-image":"","background-repeat":"repeat","background-position":"center center","background-size":"auto","background-attachment":"scroll","background-type":"","background-media":"","overlay-type":"","overlay-color":"","overlay-opacity":"","overlay-gradient":""},"tablet":{"background-color":"","background-image":"","background-repeat":"repeat","background-position":"center center","background-size":"auto","background-attachment":"scroll","background-type":"","background-media":"","overlay-type":"","overlay-color":"","overlay-opacity":"","overlay-gradient":""},"mobile":{"background-color":"","background-image":"","background-repeat":"repeat","background-position":"center center","background-size":"auto","background-attachment":"scroll","background-type":"","background-media":"","overlay-type":"","overlay-color":"","overlay-opacity":"","overlay-gradient":""}},"ast-content-background-meta":{"desktop":{"background-color":"var(--ast-global-color-5)","background-image":"","background-repeat":"repeat","background-position":"center center","background-size":"auto","background-attachment":"scroll","background-type":"","background-media":"","overlay-type":"","overlay-color":"","overlay-opacity":"","overlay-gradient":""},"tablet":{"background-color":"var(--ast-global-color-5)","background-image":"","background-repeat":"repeat","background-position":"center center","background-size":"auto","background-attachment":"scroll","background-type":"","background-media":"","overlay-type":"","overlay-color":"","overlay-opacity":"","overlay-gradient":""},"mobile":{"background-color":"var(--ast-global-color-5)","background-image":"","background-repeat":"repeat","background-position":"center center","background-size":"auto","background-attachment":"scroll","background-type":"","background-media":"","overlay-type":"","overlay-color":"","overlay-opacity":"","overlay-gradient":""}}},"product_brand":[],"product_cat":[37,39,38,35,36,34],"product_tag":[],"class_list":{"0":"post-569","1":"product","2":"type-product","3":"status-publish","4":"has-post-thumbnail","6":"product_cat-tratamientos-de-endodoncia","7":"product_cat-cirugia-oral","8":"product_cat-consulta-de-rutina","9":"product_cat-emergencia-odontologica","10":"product_cat-extracciones-dentales","11":"product_cat-protesis-dental","12":"desktop-align-left","13":"tablet-align-left","14":"mobile-align-left","16":"first","17":"instock","18":"sale","19":"virtual","20":"purchasable","21":"product-type-simple"},"jetpack_sharing_enabled":true,"_links":{"self":[{"href":"https:\/\/odontologosadomicilio.com\/index.php?rest_route=\/wp\/v2\/product\/569","targetHints":{"allow":["GET"]}}],"collection":[{"href":"https:\/\/odontologosadomicilio.com\/index.php?rest_route=\/wp\/v2\/product"}],"about":[{"href":"https:\/\/odontologosadomicilio.com\/index.php?rest_route=\/wp\/v2\/types\/product"}],"replies":[{"embeddable":true,"href":"https:\/\/odontologosadomicilio.com\/index.php?rest_route=%2Fwp%2Fv2%2Fcomments&post=569"}],"wp:featuredmedia":[{"embeddable":true,"href":"https:\/\/odontologosadomicilio.com\/index.php?rest_route=\/wp\/v2\/media\/570"}],"wp:attachment":[{"href":"https:\/\/odontologosadomicilio.com\/index.php?rest_route=%2Fwp%2Fv2%2Fmedia&parent=569"}],"wp:term":[{"taxonomy":"product_brand","embeddable":true,"href":"https:\/\/odontologosadomicilio.com\/index.php?rest_route=%2Fwp%2Fv2%2Fproduct_brand&post=569"},{"taxonomy":"product_cat","embeddable":true,"href":"https:\/\/odontologosadomicilio.com\/index.php?rest_route=%2Fwp%2Fv2%2Fproduct_cat&post=569"},{"taxonomy":"product_tag","embeddable":true,"href":"https:\/\/odontologosadomicilio.com\/index.php?rest_route=%2Fwp%2Fv2%2Fproduct_tag&post=569"}],"curies":[{"name":"wp","href":"https:\/\/api.w.org\/{rel}","templated":true}]}}