{"id":111,"date":"2024-02-10T16:46:21","date_gmt":"2024-02-10T21:46:21","guid":{"rendered":"https:\/\/odontologosadomicilio.com\/?page_id=111"},"modified":"2024-03-12T18:44:47","modified_gmt":"2024-03-12T23:44:47","slug":"nosotros","status":"publish","type":"page","link":"https:\/\/odontologosadomicilio.com\/?page_id=111","title":{"rendered":"Nosotros"},"content":{"rendered":"\t\t<div data-elementor-type=\"wp-page\" data-elementor-id=\"111\" class=\"elementor elementor-111\">\n\t\t\t\t<div class=\"elementor-element elementor-element-4e2bc2e e-flex e-con-boxed e-con e-parent\" data-id=\"4e2bc2e\" data-element_type=\"container\" data-e-type=\"container\" data-settings=\"{&quot;background_background&quot;:&quot;gradient&quot;}\">\n\t\t\t\t\t<div class=\"e-con-inner\">\n\t\t<div class=\"elementor-element elementor-element-73f69d9 e-flex e-con-boxed e-con e-child\" data-id=\"73f69d9\" data-element_type=\"container\" data-e-type=\"container\">\n\t\t\t\t\t<div class=\"e-con-inner\">\n\t\t\t\t<div class=\"elementor-element elementor-element-960d1d1 elementor-widget elementor-widget-heading\" data-id=\"960d1d1\" data-element_type=\"widget\" data-e-type=\"widget\" data-widget_type=\"heading.default\">\n\t\t\t\t<div class=\"elementor-widget-container\">\n\t\t\t\t\t<h1 class=\"elementor-heading-title elementor-size-default\">Sobre nosotros<\/h1>\t\t\t\t<\/div>\n\t\t\t\t<\/div>\n\t\t\t\t\t<\/div>\n\t\t\t\t<\/div>\n\t\t<div class=\"elementor-element elementor-element-82f774a e-flex e-con-boxed e-con e-child\" data-id=\"82f774a\" data-element_type=\"container\" data-e-type=\"container\">\n\t\t\t\t\t<div class=\"e-con-inner\">\n\t\t\t\t<div class=\"elementor-element elementor-element-6b87941 elementor-widget elementor-widget-image\" data-id=\"6b87941\" data-element_type=\"widget\" data-e-type=\"widget\" data-widget_type=\"image.default\">\n\t\t\t\t<div class=\"elementor-widget-container\">\n\t\t\t\t\t\t\t\t\t\t\t\t\t\t\t<img decoding=\"async\" src=\"https:\/\/odontologosadomicilio.com\/wp-content\/uploads\/2024\/02\/Sobre-nosotros-.png\" title=\"Sobre nosotros\" alt=\"La historia de odont\u00f3logos a domicilio, facilitamos la vida de nuestros pacientes con servicios de calidad y tratamientos a la vanguardia\" loading=\"lazy\" \/>\t\t\t\t\t\t\t\t\t\t\t\t\t\t\t<\/div>\n\t\t\t\t<\/div>\n\t\t\t\t\t<\/div>\n\t\t\t\t<\/div>\n\t\t\t\t\t<\/div>\n\t\t\t\t<\/div>\n\t\t<div class=\"elementor-element elementor-element-bd4d2c8 e-flex e-con-boxed e-con e-parent\" data-id=\"bd4d2c8\" data-element_type=\"container\" data-e-type=\"container\">\n\t\t\t\t\t<div class=\"e-con-inner\">\n\t\t\t\t<div class=\"elementor-element elementor-element-2f285e1 elementor-widget elementor-widget-spacer\" data-id=\"2f285e1\" data-element_type=\"widget\" data-e-type=\"widget\" data-widget_type=\"spacer.default\">\n\t\t\t\t<div class=\"elementor-widget-container\">\n\t\t\t\t\t\t\t<div class=\"elementor-spacer\">\n\t\t\t<div class=\"elementor-spacer-inner\"><\/div>\n\t\t<\/div>\n\t\t\t\t\t\t<\/div>\n\t\t\t\t<\/div>\n\t\t\t\t<div class=\"elementor-element elementor-element-c18cb72 elementor-widget elementor-widget-heading\" data-id=\"c18cb72\" data-element_type=\"widget\" data-e-type=\"widget\" data-widget_type=\"heading.default\">\n\t\t\t\t<div class=\"elementor-widget-container\">\n\t\t\t\t\t<h4 class=\"elementor-heading-title elementor-size-default\">La Odontolog\u00eda a Domicilio<\/h4>\t\t\t\t<\/div>\n\t\t\t\t<\/div>\n\t\t\t\t<div class=\"elementor-element elementor-element-8a7b4fd elementor-widget elementor-widget-heading\" data-id=\"8a7b4fd\" data-element_type=\"widget\" data-e-type=\"widget\" data-widget_type=\"heading.default\">\n\t\t\t\t<div class=\"elementor-widget-container\">\n\t\t\t\t\t<h2 class=\"elementor-heading-title elementor-size-default\">Nuestra Historia<\/h2>\t\t\t\t<\/div>\n\t\t\t\t<\/div>\n\t\t\t\t<div class=\"elementor-element elementor-element-0030b25 elementor-widget elementor-widget-text-editor\" data-id=\"0030b25\" data-element_type=\"widget\" data-e-type=\"widget\" data-widget_type=\"text-editor.default\">\n\t\t\t\t<div class=\"elementor-widget-container\">\n\t\t\t\t\t\t\t\t\t<p>Fundada con la visi\u00f3n de hacer que la atenci\u00f3n odontol\u00f3gica sea m\u00e1s accesible, conveniente y segura, Odont\u00f3logos a Domicilio se ha convertido en un referente en la industria de la salud bucal. Desde nuestros inicios, nos hemos comprometido a marcar la diferencia en la vida de las personas, brindando un servicio que prioriza tu comodidad y bienestar.<br \/><br \/>Nuestro equipo de odont\u00f3logos altamente capacitados comparte una pasi\u00f3n com\u00fan: cuidar de la salud bucal de nuestros pacientes con el m\u00e1ximo nivel de profesionalismo y empat\u00eda. Nos enorgullece ser pioneros en la odontolog\u00eda a domicilio, llevando la atenci\u00f3n dental de calidad directamente a tu hogar.<\/p>\t\t\t\t\t\t\t\t<\/div>\n\t\t\t\t<\/div>\n\t\t\t\t\t<\/div>\n\t\t\t\t<\/div>\n\t\t<div class=\"elementor-element elementor-element-a691766 e-flex e-con-boxed e-con e-parent\" data-id=\"a691766\" data-element_type=\"container\" data-e-type=\"container\" data-settings=\"{&quot;background_background&quot;:&quot;classic&quot;}\">\n\t\t\t\t\t<div class=\"e-con-inner\">\n\t\t\t\t\t<\/div>\n\t\t\t\t<\/div>\n\t\t<div class=\"elementor-element elementor-element-ef39b83 e-flex e-con-boxed e-con e-parent\" data-id=\"ef39b83\" data-element_type=\"container\" data-e-type=\"container\" data-settings=\"{&quot;background_background&quot;:&quot;classic&quot;}\">\n\t\t\t\t\t<div class=\"e-con-inner\">\n\t\t\t\t<div class=\"elementor-element elementor-element-f13fe9c elementor-widget elementor-widget-heading\" data-id=\"f13fe9c\" data-element_type=\"widget\" data-e-type=\"widget\" data-widget_type=\"heading.default\">\n\t\t\t\t<div class=\"elementor-widget-container\">\n\t\t\t\t\t<h2 class=\"elementor-heading-title elementor-size-default\">Conozca a nuestros especialistas<\/h2>\t\t\t\t<\/div>\n\t\t\t\t<\/div>\n\t\t\t\t<div class=\"elementor-element elementor-element-04182f4 elementor-widget elementor-widget-text-editor\" data-id=\"04182f4\" data-element_type=\"widget\" data-e-type=\"widget\" data-widget_type=\"text-editor.default\">\n\t\t\t\t<div class=\"elementor-widget-container\">\n\t\t\t\t\t\t\t\t\t<p>Nuestro equipo de especialistas en odontolog\u00eda est\u00e1 formado por profesionales con una amplia experiencia y conocimientos en diversas \u00e1reas de la odontolog\u00eda. Cada uno de ellos comparte nuestra visi\u00f3n de ofrecer una atenci\u00f3n dental excepcional con un enfoque en la comodidad y la seguridad del paciente.<\/p>\t\t\t\t\t\t\t\t<\/div>\n\t\t\t\t<\/div>\n\t\t\t\t\t<\/div>\n\t\t\t\t<\/div>\n\t\t<div class=\"elementor-element elementor-element-45bd8e9 e-con-full e-flex e-con e-parent\" data-id=\"45bd8e9\" data-element_type=\"container\" data-e-type=\"container\" data-settings=\"{&quot;background_background&quot;:&quot;classic&quot;}\">\n\t\t<div class=\"elementor-element elementor-element-7a3c3aa e-con-full e-flex e-con e-child\" data-id=\"7a3c3aa\" data-element_type=\"container\" data-e-type=\"container\">\n\t\t<div class=\"elementor-element elementor-element-6a58a6a e-flex e-con-boxed e-con e-child\" data-id=\"6a58a6a\" data-element_type=\"container\" data-e-type=\"container\">\n\t\t\t\t\t<div class=\"e-con-inner\">\n\t\t\t\t<div class=\"elementor-element elementor-element-1d31db0 elementor-position-top elementor-widget elementor-widget-image-box\" data-id=\"1d31db0\" data-element_type=\"widget\" data-e-type=\"widget\" data-widget_type=\"image-box.default\">\n\t\t\t\t<div class=\"elementor-widget-container\">\n\t\t\t\t\t<div class=\"elementor-image-box-wrapper\"><figure class=\"elementor-image-box-img\"><img fetchpriority=\"high\" decoding=\"async\" width=\"168\" height=\"300\" src=\"https:\/\/odontologosadomicilio.com\/wp-content\/uploads\/2024\/02\/Dr.-Juan-felipe--168x300.png\" class=\"attachment-medium size-medium wp-image-118\" alt=\"\" srcset=\"https:\/\/odontologosadomicilio.com\/wp-content\/uploads\/2024\/02\/Dr.-Juan-felipe--168x300.png 168w, https:\/\/odontologosadomicilio.com\/wp-content\/uploads\/2024\/02\/Dr.-Juan-felipe-.png 528w\" sizes=\"(max-width: 168px) 100vw, 168px\" title=\"\"><\/figure><div class=\"elementor-image-box-content\"><h3 class=\"elementor-image-box-title\">Dr. Juan Felipe Aparicio\u00a0<\/h3><p class=\"elementor-image-box-description\">Cirujano Dental<\/p><\/div><\/div>\t\t\t\t<\/div>\n\t\t\t\t<\/div>\n\t\t\t\t\t<\/div>\n\t\t\t\t<\/div>\n\t\t<div class=\"elementor-element elementor-element-27014f4 e-flex e-con-boxed e-con e-child\" data-id=\"27014f4\" data-element_type=\"container\" data-e-type=\"container\">\n\t\t\t\t\t<div class=\"e-con-inner\">\n\t\t\t\t<div class=\"elementor-element elementor-element-cc4c8c0 elementor-position-top elementor-widget elementor-widget-image-box\" data-id=\"cc4c8c0\" data-element_type=\"widget\" data-e-type=\"widget\" data-widget_type=\"image-box.default\">\n\t\t\t\t<div class=\"elementor-widget-container\">\n\t\t\t\t\t<div class=\"elementor-image-box-wrapper\"><figure class=\"elementor-image-box-img\"><img decoding=\"async\" width=\"1000\" height=\"1500\" src=\"https:\/\/odontologosadomicilio.com\/wp-content\/uploads\/2024\/03\/Dr-Fredy-Aparcio-Otalora-2.png\" class=\"attachment-full size-full wp-image-713\" alt=\"Odont\u00f3logos a domicilio\" srcset=\"https:\/\/odontologosadomicilio.com\/wp-content\/uploads\/2024\/03\/Dr-Fredy-Aparcio-Otalora-2.png 1000w, https:\/\/odontologosadomicilio.com\/wp-content\/uploads\/2024\/03\/Dr-Fredy-Aparcio-Otalora-2-200x300.png 200w, https:\/\/odontologosadomicilio.com\/wp-content\/uploads\/2024\/03\/Dr-Fredy-Aparcio-Otalora-2-683x1024.png 683w, https:\/\/odontologosadomicilio.com\/wp-content\/uploads\/2024\/03\/Dr-Fredy-Aparcio-Otalora-2-768x1152.png 768w, https:\/\/odontologosadomicilio.com\/wp-content\/uploads\/2024\/03\/Dr-Fredy-Aparcio-Otalora-2-600x900.png 600w\" sizes=\"(max-width: 1000px) 100vw, 1000px\" title=\"\"><\/figure><div class=\"elementor-image-box-content\"><h3 class=\"elementor-image-box-title\">Dr.Fredy Aparicio Otalora<\/h3><p class=\"elementor-image-box-description\">Odontologo Asistencial<\/p><\/div><\/div>\t\t\t\t<\/div>\n\t\t\t\t<\/div>\n\t\t\t\t\t<\/div>\n\t\t\t\t<\/div>\n\t\t<div class=\"elementor-element elementor-element-4636dc6 e-flex e-con-boxed e-con e-child\" data-id=\"4636dc6\" data-element_type=\"container\" data-e-type=\"container\">\n\t\t\t\t\t<div class=\"e-con-inner\">\n\t\t\t\t<div class=\"elementor-element elementor-element-83787cc elementor-position-top elementor-widget elementor-widget-image-box\" data-id=\"83787cc\" data-element_type=\"widget\" data-e-type=\"widget\" data-widget_type=\"image-box.default\">\n\t\t\t\t<div class=\"elementor-widget-container\">\n\t\t\t\t\t<div class=\"elementor-image-box-wrapper\"><figure class=\"elementor-image-box-img\"><img decoding=\"async\" width=\"169\" height=\"300\" src=\"https:\/\/odontologosadomicilio.com\/wp-content\/uploads\/2024\/02\/Dr-Juan-169x300.png\" class=\"attachment-medium size-medium wp-image-117\" alt=\"Odont\u00f3logos a domicilio\" srcset=\"https:\/\/odontologosadomicilio.com\/wp-content\/uploads\/2024\/02\/Dr-Juan-169x300.png 169w, https:\/\/odontologosadomicilio.com\/wp-content\/uploads\/2024\/02\/Dr-Juan.png 529w\" sizes=\"(max-width: 169px) 100vw, 169px\" title=\"\"><\/figure><div class=\"elementor-image-box-content\"><h3 class=\"elementor-image-box-title\">Dr. Nicolas Leon Perez<\/h3><p class=\"elementor-image-box-description\">Odontologo Endodoncista<\/p><\/div><\/div>\t\t\t\t<\/div>\n\t\t\t\t<\/div>\n\t\t\t\t\t<\/div>\n\t\t\t\t<\/div>\n\t\t\t\t<\/div>\n\t\t\t\t<\/div>\n\t\t\t\t<\/div>\n\t\t","protected":false},"excerpt":{"rendered":"<p>Sobre nosotros La Odontolog\u00eda a Domicilio Nuestra Historia Fundada con la visi\u00f3n de hacer que la atenci\u00f3n odontol\u00f3gica sea m\u00e1s [&hellip;]<\/p>\n","protected":false},"author":1,"featured_media":35,"parent":0,"menu_order":0,"comment_status":"closed","ping_status":"closed","template":"","meta":{"_eb_attr":"","_monsterinsights_skip_tracking":false,"_monsterinsights_sitenote_active":false,"_monsterinsights_sitenote_note":"","_monsterinsights_sitenote_category":0,"site-sidebar-layout":"no-sidebar","site-content-layout":"","ast-site-content-layout":"full-width-container","site-content-style":"default","site-sidebar-style":"default","ast-global-header-display":"","ast-banner-title-visibility":"","ast-main-header-display":"","ast-hfb-above-header-display":"","ast-hfb-below-header-display":"","ast-hfb-mobile-header-display":"","site-post-title":"disabled","ast-breadcrumbs-content":"","ast-featured-img":"disabled","footer-sml-layout":"","ast-disable-related-posts":"","theme-transparent-header-meta":"","adv-header-id-meta":"","stick-header-meta":"","header-above-stick-meta":"","header-main-stick-meta":"","header-below-stick-meta":"","astra-migrate-meta-layouts":"default","ast-page-background-enabled":"default","ast-page-background-meta":{"desktop":{"background-color":"var(--ast-global-color-4)","background-image":"","background-repeat":"repeat","background-position":"center center","background-size":"auto","background-attachment":"scroll","background-type":"","background-media":"","overlay-type":"","overlay-color":"","overlay-opacity":"","overlay-gradient":""},"tablet":{"background-color":"","background-image":"","background-repeat":"repeat","background-position":"center center","background-size":"auto","background-attachment":"scroll","background-type":"","background-media":"","overlay-type":"","overlay-color":"","overlay-opacity":"","overlay-gradient":""},"mobile":{"background-color":"","background-image":"","background-repeat":"repeat","background-position":"center center","background-size":"auto","background-attachment":"scroll","background-type":"","background-media":"","overlay-type":"","overlay-color":"","overlay-opacity":"","overlay-gradient":""}},"ast-content-background-meta":{"desktop":{"background-color":"var(--ast-global-color-5)","background-image":"","background-repeat":"repeat","background-position":"center center","background-size":"auto","background-attachment":"scroll","background-type":"","background-media":"","overlay-type":"","overlay-color":"","overlay-opacity":"","overlay-gradient":""},"tablet":{"background-color":"var(--ast-global-color-5)","background-image":"","background-repeat":"repeat","background-position":"center center","background-size":"auto","background-attachment":"scroll","background-type":"","background-media":"","overlay-type":"","overlay-color":"","overlay-opacity":"","overlay-gradient":""},"mobile":{"background-color":"var(--ast-global-color-5)","background-image":"","background-repeat":"repeat","background-position":"center center","background-size":"auto","background-attachment":"scroll","background-type":"","background-media":"","overlay-type":"","overlay-color":"","overlay-opacity":"","overlay-gradient":""}},"footnotes":""},"class_list":["post-111","page","type-page","status-publish","has-post-thumbnail","hentry"],"jetpack_sharing_enabled":true,"_links":{"self":[{"href":"https:\/\/odontologosadomicilio.com\/index.php?rest_route=\/wp\/v2\/pages\/111","targetHints":{"allow":["GET"]}}],"collection":[{"href":"https:\/\/odontologosadomicilio.com\/index.php?rest_route=\/wp\/v2\/pages"}],"about":[{"href":"https:\/\/odontologosadomicilio.com\/index.php?rest_route=\/wp\/v2\/types\/page"}],"author":[{"embeddable":true,"href":"https:\/\/odontologosadomicilio.com\/index.php?rest_route=\/wp\/v2\/users\/1"}],"replies":[{"embeddable":true,"href":"https:\/\/odontologosadomicilio.com\/index.php?rest_route=%2Fwp%2Fv2%2Fcomments&post=111"}],"version-history":[{"count":10,"href":"https:\/\/odontologosadomicilio.com\/index.php?rest_route=\/wp\/v2\/pages\/111\/revisions"}],"predecessor-version":[{"id":719,"href":"https:\/\/odontologosadomicilio.com\/index.php?rest_route=\/wp\/v2\/pages\/111\/revisions\/719"}],"wp:featuredmedia":[{"embeddable":true,"href":"https:\/\/odontologosadomicilio.com\/index.php?rest_route=\/wp\/v2\/media\/35"}],"wp:attachment":[{"href":"https:\/\/odontologosadomicilio.com\/index.php?rest_route=%2Fwp%2Fv2%2Fmedia&parent=111"}],"curies":[{"name":"wp","href":"https:\/\/api.w.org\/{rel}","templated":true}]}}